{"id":439,"date":"2019-09-17T10:05:53","date_gmt":"2019-09-17T08:05:53","guid":{"rendered":"https:\/\/euroszansa.wsiz.pl\/?page_id=439"},"modified":"2025-11-17T12:34:57","modified_gmt":"2025-11-17T11:34:57","slug":"about-us","status":"publish","type":"page","link":"https:\/\/biurokarier.wsiz.pl\/en\/about-us\/","title":{"rendered":"About us"},"content":{"rendered":"<div class=\"container-fluid \">\n<div class=\"ddl-full-width-row row ddl-frontend-editor-row ddl-frontend-editor-editable\" data-id=\"11\" data-name=\"Post content row\" data-type=\"row\" data-layout_slug=\"\" data-kind=\"Row\">\n<div class=\"col-md-12 ddl-frontend-editor-cell ddl-frontend-editor-editable js-ddl-frontend-editor-cell\" data-id=\"s4341\" data-name=\"Visual Editor\" data-type=\"cell-text\" data-layout_slug=\"\" data-kind=\"Cell\">\n<h1 style=\"text-align: center;\">Biuro Karier WSIiZ<\/h1>\n<div style=\"text-align: center; background: #158ee1; width: 30px; height: 5px; display: block; margin: 30px auto;\"><\/div>\n<\/p><\/div>\n<\/p><\/div>\n<\/p><\/div>\n<div class=\"container-fluid \">\n<div class=\"ddl-full-width-row row margin-bottom-40 ddl-frontend-editor-row ddl-frontend-editor-editable\" data-id=\"4262\" data-name=\"Row 3\" data-type=\"row\" data-layout_slug=\"\" data-kind=\"Row\">\n<div id=\"span1\" class=\"col-md-10 ddl-frontend-editor-cell ddl-frontend-editor-editable js-ddl-frontend-editor-cell offset-md-1 \" data-id=\"s4108\" data-name=\"Post Content Cell\" data-type=\"cell-text\" data-layout_slug=\"\" data-kind=\"Cell\">\n<p style=\"font-size: 24px; margin-bottom: 40px; line-height: 28px; text-align: center;\">Biuro Karier Wy\u017cszej Szko\u0142y Informatyki i Zarz\u0105dzania w Rzeszowie powsta\u0142o w styczniu 1999 roku. Nasze dzia\u0142ania skupiaj\u0105 si\u0119 na pomaganiu studentom i absolwentom w przej\u015bciu z okresu studi\u00f3w do etapu poszukiwania pracy.<\/p>\n<p>Od pocz\u0105tku naszego istnienia nawi\u0105zujemy kontakty z pracodawcami polskimi i zagranicznymi oraz rozpowszechniamy informacje na temat funkcjonowania krajowego rynku pracy. Nasz\u0105 misj\u0119 realizujemy poprzez organizacj\u0119 szkole\u0144, pozyskiwanie i rozpowszechnianie ofert pracy, przeprowadzanie rekrutacji wst\u0119pnych na zlecenie firm oraz organizacj\u0119 Podkarpackich Targ\u00f3w Pracy.<\/p>\n<\/p><\/div>\n<div id=\"span1\" class=\"col-md-10 ddl-frontend-editor-cell ddl-frontend-editor-editable js-ddl-frontend-editor-cell offset-md-1 \" data-id=\"s4108\" data-name=\"Post Content Cell\" data-type=\"cell-text\" data-layout_slug=\"\" data-kind=\"Cell\">\n<p>W dniu 15 wrze\u015bnia 2003 roku Wy\u017csza Szko\u0142a Informatyki i Zarz\u0105dzania zosta\u0142a wpisana do rejestru agencji zatrudnienia pod numerem <strong>141<\/strong>. Agencja <strong>\u015bwiadczy bezp\u0142atne us\u0142ugi<\/strong> w zakresie po\u015brednictwa pracy na terenie Rzeczypospolitej Polskiej oraz doradztwa personalnego i poradnictwa zawodowego.<\/p>\n<\/p><\/div>\n<\/p><\/div>\n<\/p><\/div>\n<div class=\"container-fluid \">\n<div class=\"ddl-full-width-row row margin-bottom-40 ddl-frontend-editor-row ddl-frontend-editor-editable\" data-id=\"4262\" data-name=\"Row 3\" data-type=\"row\" data-layout_slug=\"\" data-kind=\"Row\">\n<div id=\"span1\" class=\"col-md-10 ddl-frontend-editor-cell ddl-frontend-editor-editable js-ddl-frontend-editor-cell offset-md-1 \" data-id=\"s4108\" data-name=\"Post Content Cell\" data-type=\"cell-text\" data-layout_slug=\"\" data-kind=\"Cell\">\n<p>Prowadz\u0105c szerok\u0105 dzia\u0142alno\u015b\u0107 doradcz\u0105 na rynku pracy, zapewniamy pomoc zar\u00f3wno studentom i absolwentom Wy\u017cszej Szko\u0142y Informatyki i Zarz\u0105dzania, jak i osobom zewn\u0119trznym. Pomoc w planowaniu przysz\u0142ej kariery i znalezieniu pracy jest dla nas priorytetem.<\/p>\n<\/p><\/div>\n<\/p><\/div>\n<\/p><\/div>\n<div class=\"full-bg ddl-frontend-editor-row ddl-frontend-editor-editable\" data-id=\"4152\" data-name=\"Row 2\" data-type=\"row\" data-layout_slug=\"\" data-kind=\"Row\">\n<div class=\"container \">\n<div class=\"row\">\n<div class=\"col-md-12 ddl-frontend-editor-cell ddl-frontend-editor-editable js-ddl-frontend-editor-cell\" data-id=\"4916\" data-name=\"Grid of cells\" data-type=\"container\" data-layout_slug=\"\" data-kind=\"Container\">\n<div class=\"row ddl-frontend-editor-row ddl-frontend-editor-editable\" data-id=\"4942\" data-name=\"Row 1\" data-type=\"row\" data-layout_slug=\"\" data-kind=\"Row\">\n<div class=\"col-md-6 ddl-frontend-editor-cell ddl-frontend-editor-editable js-ddl-frontend-editor-cell\" data-id=\"5171\" data-name=\"Grid of cells 2\" data-type=\"container\" data-layout_slug=\"\" data-kind=\"Container\">\n<div class=\"row background-white ddl-frontend-editor-row ddl-frontend-editor-editable\" data-id=\"5197\" data-name=\"Row 1\" data-type=\"row\" data-layout_slug=\"\" data-kind=\"Row\">\n<div class=\"col-md-8 ddl-frontend-editor-cell ddl-frontend-editor-editable js-ddl-frontend-editor-cell offset-md-3 \" data-id=\"s5183\" data-name=\"Visual Editor 3\" data-type=\"cell-text\" data-layout_slug=\"\" data-kind=\"Cell\">\n<p style=\"font-size: 24px; margin-top: 20px;\"><strong>Ewa Podg\u00f3rska<\/strong><\/p>\n<p>Dyrektor Pionu Zarz\u0105dzania Zasobami Ludzkimi<br \/> Doradca zawodowy<\/p>\n<p><a style=\"font-size: 12px; color: #777777;\" href=\"tel:+48 17 866 14 44\">+48 17 866 14 44<\/a><br \/> <a href=\"mailto:epodgorska@wsiz.rzeszow.pl\">epodgorska@wsiz.edu.pl<\/a><\/p>\n<\/p><\/div>\n<\/p><\/div>\n<div class=\"row ddl-frontend-editor-row ddl-frontend-editor-editable\" data-id=\"6398\" data-name=\"Row 3\" data-type=\"row\" data-layout_slug=\"\" data-kind=\"Row\"><\/div>\n<div class=\"row ddl-frontend-editor-row ddl-frontend-editor-editable\" data-id=\"6268\" data-name=\"Row 2\" data-type=\"row\" data-layout_slug=\"\" data-kind=\"Row\"><\/div>\n<\/p><\/div>\n<div class=\"col-md-6 ddl-frontend-editor-cell ddl-frontend-editor-editable js-ddl-frontend-editor-cell\" data-id=\"6305\" data-name=\"Grid of cells 3\" data-type=\"container\" data-layout_slug=\"\" data-kind=\"Container\">\n<div class=\"row background-white ddl-frontend-editor-row ddl-frontend-editor-editable\" data-id=\"6548\" data-name=\"Row 1\" data-type=\"row\" data-layout_slug=\"\" data-kind=\"Row\">\n<div class=\"col-md-8 ddl-frontend-editor-cell ddl-frontend-editor-editable js-ddl-frontend-editor-cell offset-md-3 \" data-id=\"6578\" data-name=\"Visual Editor 3\" data-type=\"cell-text\" data-layout_slug=\"\" data-kind=\"Cell\">\n<p style=\"font-size: 24px; margin-top: 20px;\"><strong>Agnieszka Cie\u015bla<\/strong><\/p>\n<p>Kierownik Biura Karier<br \/> Doradca zawodowy<\/p>\n<p>aciesla@wsiz.edu.pl<\/p>\n<\/p><\/div>\n<\/p><\/div>\n<\/p><\/div>\n<\/p><\/div>\n<\/p><\/div>\n<\/p><\/div>\n<\/p><\/div>\n<\/p><\/div>\n","protected":false},"excerpt":{"rendered":"<p>Biuro Karier WSIiZ Biuro Karier Wy\u017cszej Szko\u0142y Informatyki i Zarz\u0105dzania w Rzeszowie powsta\u0142o w styczniu 1999 roku. Nasze dzia\u0142ania skupiaj\u0105 [&hellip;]<\/p>\n","protected":false},"author":1,"featured_media":0,"parent":0,"menu_order":0,"comment_status":"closed","ping_status":"closed","template":"","meta":{"footnotes":""},"class_list":["post-439","page","type-page","status-publish","hentry"],"_links":{"self":[{"href":"https:\/\/biurokarier.wsiz.pl\/en\/wp-json\/wp\/v2\/pages\/439","targetHints":{"allow":["GET"]}}],"collection":[{"href":"https:\/\/biurokarier.wsiz.pl\/en\/wp-json\/wp\/v2\/pages"}],"about":[{"href":"https:\/\/biurokarier.wsiz.pl\/en\/wp-json\/wp\/v2\/types\/page"}],"author":[{"embeddable":true,"href":"https:\/\/biurokarier.wsiz.pl\/en\/wp-json\/wp\/v2\/users\/1"}],"replies":[{"embeddable":true,"href":"https:\/\/biurokarier.wsiz.pl\/en\/wp-json\/wp\/v2\/comments?post=439"}],"version-history":[{"count":160,"href":"https:\/\/biurokarier.wsiz.pl\/en\/wp-json\/wp\/v2\/pages\/439\/revisions"}],"predecessor-version":[{"id":10921,"href":"https:\/\/biurokarier.wsiz.pl\/en\/wp-json\/wp\/v2\/pages\/439\/revisions\/10921"}],"wp:attachment":[{"href":"https:\/\/biurokarier.wsiz.pl\/en\/wp-json\/wp\/v2\/media?parent=439"}],"curies":[{"name":"wp","href":"https:\/\/api.w.org\/{rel}","templated":true}]}}